{"id":949,"date":"2020-03-20T14:18:58","date_gmt":"2020-03-20T14:18:58","guid":{"rendered":"https:\/\/kfm-kasachstan.net\/?page_id=949"},"modified":"2024-04-22T07:38:06","modified_gmt":"2024-04-22T06:38:06","slug":"imprint","status":"publish","type":"page","link":"https:\/\/kfm-kasachstan.net\/?page_id=949","title":{"rendered":"Impressum"},"content":{"rendered":"<div class=\"fusion-fullwidth fullwidth-box fusion-builder-row-1 fusion-flex-container nonhundred-percent-fullwidth non-hundred-percent-height-scrolling\" style=\"--awb-border-radius-top-left:0px;--awb-border-radius-top-right:0px;--awb-border-radius-bottom-right:0px;--awb-border-radius-bottom-left:0px;--awb-flex-wrap:wrap;\" ><div class=\"fusion-builder-row fusion-row fusion-flex-align-items-flex-start fusion-flex-content-wrap\" style=\"max-width:1144px;margin-left: calc(-4% \/ 2 );margin-right: calc(-4% \/ 2 );\"><div class=\"fusion-layout-column fusion_builder_column fusion-builder-column-0 fusion_builder_column_1_1 1_1 fusion-flex-column\" style=\"--awb-bg-size:cover;--awb-width-large:100%;--awb-margin-top-large:0px;--awb-spacing-right-large:1.92%;--awb-margin-bottom-large:0px;--awb-spacing-left-large:1.92%;--awb-width-medium:100%;--awb-spacing-right-medium:1.92%;--awb-spacing-left-medium:1.92%;--awb-width-small:100%;--awb-spacing-right-small:1.92%;--awb-spacing-left-small:1.92%;\"><div class=\"fusion-column-wrapper fusion-flex-justify-content-flex-start fusion-content-layout-column\"><div class=\"fusion-title title fusion-title-1 fusion-title-text fusion-title-size-one\"><div class=\"title-sep-container title-sep-container-left fusion-no-large-visibility fusion-no-medium-visibility fusion-no-small-visibility\"><div class=\"title-sep sep-double sep-solid\" style=\"border-color:#e0dede;\"><\/div><\/div><span class=\"awb-title-spacer fusion-no-large-visibility fusion-no-medium-visibility fusion-no-small-visibility\"><\/span><h1 class=\"fusion-title-heading title-heading-left\" style=\"margin:0;\">Impressum<\/h1><span class=\"awb-title-spacer\"><\/span><div class=\"title-sep-container title-sep-container-right\"><div class=\"title-sep sep-double sep-solid\" style=\"border-color:#e0dede;\"><\/div><\/div><\/div><div class=\"fusion-text fusion-text-1\"><p><strong>Firma \/ Firm:<\/strong><br \/>\nADT Project Consulting GmbH<\/p>\n<p><strong>Sitz der Gesellschaft \/ Company domiciled:<\/strong><br \/>\nAdenauerallee 176, 53113 Bonn, Germany<\/p>\n<p><strong>Gesch\u00e4ftsf\u00fchrer \/ Managing Directors:<\/strong><br \/>\nYves Tohermes<br \/>\nBirgit Maier-Stein<\/p>\n<p><strong>USt-Id-Nr \/ Turnover Tax ID No.:<\/strong><br \/>\nDE174683675<\/p>\n<p><strong>Kontakt \/ Contact:<\/strong><br \/>\nTel: +49-228-9144730<br \/>\nFax: +49-228-9144731<br \/>\neMail: adtproject@adt.de<br \/>\nInternet: https:\/\/www.adtproject.de<\/p>\n<div class=\"left\">\n<p><strong>Gehostet von \/ <em>Hosted by:<\/em><\/strong><br \/>\nMittwald<br \/>\nK\u00f6nigsberger Stra\u00dfe 6<br \/>\n32339 Espelkamp<br \/>\nGermany<br \/>\nwww.mittwald.de<\/p>\n<h3>Urheberrechtshinweis und Haftungsausschluss \/ <em>Copyright Notice and Disclaimer<\/em><\/h3>\n<p><strong>1. Haftung f\u00fcr Inhalte \/ <em>Liability for Content<\/em><\/strong><\/p>\n<p>Wir bem\u00fchen uns, die Informationen auf unserer Website aktuell zu halten, \u00fcbernehmen jedoch keinerlei Haftung f\u00fcr die bereitgestellten Inhalte. Gem\u00e4\u00df \u00a77 Abs. Als Diensteanbieter sind wir gem\u00e4\u00df \u00a7 1 Abs.1 TMG nur f\u00fcr eigene Inhalte auf diesen Seiten verantwortlich.<\/p>\n<p>Nach \u00a7\u00a7 8 bis 10 TMG sind wir als Diensteanbieter jedoch nicht verpflichtet, \u00fcbermittelte oder gespeicherte fremde Informationen zu \u00fcberwachen. Bei Bekanntwerden von Rechtsverletzungen werden wir derartige Inhalte jedoch umgehend entfernen. Unsere Haftung beginnt in einem solchen Fall ab dem Zeitpunkt, an dem wir von der jeweiligen Rechtsverletzung Kenntnis erlangen.<\/p>\n<p><em>We make every effort to keep the information on our Web site current, but accept no liability whatsoever for the content provided. Pursuant to \u00a77 par. 1 of TMG (German Tele-Media Act), the law limits our responsibility as a service provider to our own content on these Web pages.<\/em><\/p>\n<p><em>According to \u00a7\u00a78 to 10 of TMG, we are not obligated to monitor third party information provided or stored on our Web site. However, we shall promptly remove any content upon becoming aware that it violates the law. Our liability in such an instance shall commence at the time we become aware of the respective violation.<\/em><\/p>\n<p><strong>2. Haftung f\u00fcr Links \/ <em>Liability for Links<\/em><\/strong><\/p>\n<p>Unsere Website enth\u00e4lt Links zu Websites Dritter. Wir haben keinerlei Einfluss auf die Informationen auf diesen Websites und \u00fcbernehmen keine Gew\u00e4hr f\u00fcr deren Richtigkeit. F\u00fcr den Inhalt solcher Seiten Dritter sind die jeweiligen Eigent\u00fcmer\/Anbieter verantwortlich.<\/p>\n<p>Zum Zeitpunkt der Verlinkung auf unsere fremden Webseiten waren f\u00fcr uns keinerlei Anhaltspunkte f\u00fcr eine m\u00f6gliche Rechtsverletzung erkennbar. Bei Bekanntwerden von Rechtsverletzungen werden wir derartige Links umgehend l\u00f6schen.<\/p>\n<p><em>Our site contains links to third-party Web sites. We have no influence whatsoever on the information on these Web sites and accept no guaranty for its correctness. The content of such third-party sites is the responsibility of the respective owners\/providers.<\/em><\/p>\n<p><em>At the time third-party Web sites were linked to ours, we found NO GROUNDS WHATSOEVER of any likely contravention of the law. We shall promptly delete a link upon becoming aware that it violates the law.<\/em><\/p>\n<p><strong>3. Urheberrechte \/ <em>Copyrights<\/em><\/strong><\/p>\n<p>Die auf diesen Webseiten bereitgestellten Inhalte und Werke unterliegen dem deutschen Urheberrecht. Beitr\u00e4ge Dritter sind dabei als solche gekennzeichnet. Die Vervielf\u00e4ltigung, Bearbeitung, Verbreitung oder jede Art der Verwertung solcher Materialien au\u00dferhalb der Reichweite des Urheberrechtsgesetzes bedarf der vorherigen schriftlichen Zustimmung der ADT Project Consulting GmbH oder ihres jeweiligen Autors oder Erstellers.<\/p>\n<p><em>The content and works provided on these Web pages are governed by the copyright laws of Germany. Articles of a third person are marked as such. Duplication, processing, distribution, or any form of commercialization of such material beyond the scope of the copyright law shall require the prior written consent of ADT Project Consulting GmbH or its respective author or creator.<\/em><\/p>\n<\/div>\n<\/div><\/div><\/div><\/div><\/div>\n","protected":false},"excerpt":{"rendered":"","protected":false},"author":1,"featured_media":0,"parent":0,"menu_order":0,"comment_status":"closed","ping_status":"closed","template":"","meta":{"_acf_changed":false,"_relevanssi_hide_post":"","_relevanssi_hide_content":"","_relevanssi_pin_for_all":"","_relevanssi_pin_keywords":"","_relevanssi_unpin_keywords":"","_relevanssi_related_keywords":"","_relevanssi_related_include_ids":"","_relevanssi_related_exclude_ids":"","_relevanssi_related_no_append":"","_relevanssi_related_not_related":"","_relevanssi_related_posts":"","_relevanssi_noindex_reason":"","footnotes":""},"folder":[1001],"class_list":["post-949","page","type-page","status-publish","hentry"],"acf":[],"yoast_head":"<!-- This site is optimized with the Yoast SEO plugin v27.3 - https:\/\/yoast.com\/product\/yoast-seo-wordpress\/ -->\n<title>Impressum - Kompetenzf\u00f6rderung Milch in Kasachstan<\/title>\n<meta name=\"robots\" content=\"index, follow, max-snippet:-1, max-image-preview:large, max-video-preview:-1\" \/>\n<link rel=\"canonical\" href=\"https:\/\/kfm-kasachstan.net\/?page_id=949\" \/>\n<meta property=\"og:locale\" content=\"en_GB\" \/>\n<meta property=\"og:type\" content=\"article\" \/>\n<meta property=\"og:title\" content=\"Impressum - Kompetenzf\u00f6rderung Milch in Kasachstan\" \/>\n<meta property=\"og:url\" content=\"https:\/\/kfm-kasachstan.net\/?page_id=949\" \/>\n<meta property=\"og:site_name\" content=\"Kompetenzf\u00f6rderung Milch in Kasachstan\" \/>\n<meta property=\"article:modified_time\" content=\"2024-04-22T06:38:06+00:00\" \/>\n<meta name=\"twitter:card\" content=\"summary_large_image\" \/>\n<meta name=\"twitter:label1\" content=\"Estimated reading time\" \/>\n\t<meta name=\"twitter:data1\" content=\"3 minutes\" \/>\n<script type=\"application\/ld+json\" class=\"yoast-schema-graph\">{\"@context\":\"https:\\\/\\\/schema.org\",\"@graph\":[{\"@type\":\"WebPage\",\"@id\":\"https:\\\/\\\/kfm-kasachstan.net\\\/?page_id=949\",\"url\":\"https:\\\/\\\/kfm-kasachstan.net\\\/?page_id=949\",\"name\":\"Impressum - Kompetenzf\u00f6rderung Milch in Kasachstan\",\"isPartOf\":{\"@id\":\"https:\\\/\\\/kfm-kasachstan.net\\\/#website\"},\"datePublished\":\"2020-03-20T14:18:58+00:00\",\"dateModified\":\"2024-04-22T06:38:06+00:00\",\"breadcrumb\":{\"@id\":\"https:\\\/\\\/kfm-kasachstan.net\\\/?page_id=949#breadcrumb\"},\"inLanguage\":\"en-GB\",\"potentialAction\":[{\"@type\":\"ReadAction\",\"target\":[\"https:\\\/\\\/kfm-kasachstan.net\\\/?page_id=949\"]}]},{\"@type\":\"BreadcrumbList\",\"@id\":\"https:\\\/\\\/kfm-kasachstan.net\\\/?page_id=949#breadcrumb\",\"itemListElement\":[{\"@type\":\"ListItem\",\"position\":1,\"name\":\"Home\",\"item\":\"https:\\\/\\\/kfm-kasachstan.net\\\/\"},{\"@type\":\"ListItem\",\"position\":2,\"name\":\"Impressum\"}]},{\"@type\":\"WebSite\",\"@id\":\"https:\\\/\\\/kfm-kasachstan.net\\\/#website\",\"url\":\"https:\\\/\\\/kfm-kasachstan.net\\\/\",\"name\":\"Kompetenzf\u00f6rderung Milch in Kasachstan\",\"description\":\"Deutsch-Kasachisches Kooperationsprojekt\",\"publisher\":{\"@id\":\"https:\\\/\\\/kfm-kasachstan.net\\\/#organization\"},\"potentialAction\":[{\"@type\":\"SearchAction\",\"target\":{\"@type\":\"EntryPoint\",\"urlTemplate\":\"https:\\\/\\\/kfm-kasachstan.net\\\/?s={search_term_string}\"},\"query-input\":{\"@type\":\"PropertyValueSpecification\",\"valueRequired\":true,\"valueName\":\"search_term_string\"}}],\"inLanguage\":\"en-GB\"},{\"@type\":\"Organization\",\"@id\":\"https:\\\/\\\/kfm-kasachstan.net\\\/#organization\",\"name\":\"Kompetenzf\u00f6rderung Milch in Kasachstan\",\"url\":\"https:\\\/\\\/kfm-kasachstan.net\\\/\",\"logo\":{\"@type\":\"ImageObject\",\"inLanguage\":\"en-GB\",\"@id\":\"https:\\\/\\\/kfm-kasachstan.net\\\/#\\\/schema\\\/logo\\\/image\\\/\",\"url\":\"https:\\\/\\\/kfm-kasachstan.net\\\/wp-content\\\/uploads\\\/2020\\\/01\\\/Logo_Header_1080x150_3-03.png\",\"contentUrl\":\"https:\\\/\\\/kfm-kasachstan.net\\\/wp-content\\\/uploads\\\/2020\\\/01\\\/Logo_Header_1080x150_3-03.png\",\"width\":1100,\"height\":150,\"caption\":\"Kompetenzf\u00f6rderung Milch in Kasachstan\"},\"image\":{\"@id\":\"https:\\\/\\\/kfm-kasachstan.net\\\/#\\\/schema\\\/logo\\\/image\\\/\"}}]}<\/script>\n<!-- \/ Yoast SEO plugin. -->","yoast_head_json":{"title":"Impressum - Kompetenzf\u00f6rderung Milch in Kasachstan","robots":{"index":"index","follow":"follow","max-snippet":"max-snippet:-1","max-image-preview":"max-image-preview:large","max-video-preview":"max-video-preview:-1"},"canonical":"https:\/\/kfm-kasachstan.net\/?page_id=949","og_locale":"en_GB","og_type":"article","og_title":"Impressum - Kompetenzf\u00f6rderung Milch in Kasachstan","og_url":"https:\/\/kfm-kasachstan.net\/?page_id=949","og_site_name":"Kompetenzf\u00f6rderung Milch in Kasachstan","article_modified_time":"2024-04-22T06:38:06+00:00","twitter_card":"summary_large_image","twitter_misc":{"Estimated reading time":"3 minutes"},"schema":{"@context":"https:\/\/schema.org","@graph":[{"@type":"WebPage","@id":"https:\/\/kfm-kasachstan.net\/?page_id=949","url":"https:\/\/kfm-kasachstan.net\/?page_id=949","name":"Impressum - Kompetenzf\u00f6rderung Milch in Kasachstan","isPartOf":{"@id":"https:\/\/kfm-kasachstan.net\/#website"},"datePublished":"2020-03-20T14:18:58+00:00","dateModified":"2024-04-22T06:38:06+00:00","breadcrumb":{"@id":"https:\/\/kfm-kasachstan.net\/?page_id=949#breadcrumb"},"inLanguage":"en-GB","potentialAction":[{"@type":"ReadAction","target":["https:\/\/kfm-kasachstan.net\/?page_id=949"]}]},{"@type":"BreadcrumbList","@id":"https:\/\/kfm-kasachstan.net\/?page_id=949#breadcrumb","itemListElement":[{"@type":"ListItem","position":1,"name":"Home","item":"https:\/\/kfm-kasachstan.net\/"},{"@type":"ListItem","position":2,"name":"Impressum"}]},{"@type":"WebSite","@id":"https:\/\/kfm-kasachstan.net\/#website","url":"https:\/\/kfm-kasachstan.net\/","name":"Kompetenzf\u00f6rderung Milch in Kasachstan","description":"Deutsch-Kasachisches Kooperationsprojekt","publisher":{"@id":"https:\/\/kfm-kasachstan.net\/#organization"},"potentialAction":[{"@type":"SearchAction","target":{"@type":"EntryPoint","urlTemplate":"https:\/\/kfm-kasachstan.net\/?s={search_term_string}"},"query-input":{"@type":"PropertyValueSpecification","valueRequired":true,"valueName":"search_term_string"}}],"inLanguage":"en-GB"},{"@type":"Organization","@id":"https:\/\/kfm-kasachstan.net\/#organization","name":"Kompetenzf\u00f6rderung Milch in Kasachstan","url":"https:\/\/kfm-kasachstan.net\/","logo":{"@type":"ImageObject","inLanguage":"en-GB","@id":"https:\/\/kfm-kasachstan.net\/#\/schema\/logo\/image\/","url":"https:\/\/kfm-kasachstan.net\/wp-content\/uploads\/2020\/01\/Logo_Header_1080x150_3-03.png","contentUrl":"https:\/\/kfm-kasachstan.net\/wp-content\/uploads\/2020\/01\/Logo_Header_1080x150_3-03.png","width":1100,"height":150,"caption":"Kompetenzf\u00f6rderung Milch in Kasachstan"},"image":{"@id":"https:\/\/kfm-kasachstan.net\/#\/schema\/logo\/image\/"}}]}},"_links":{"self":[{"href":"https:\/\/kfm-kasachstan.net\/index.php?rest_route=\/wp\/v2\/pages\/949","targetHints":{"allow":["GET"]}}],"collection":[{"href":"https:\/\/kfm-kasachstan.net\/index.php?rest_route=\/wp\/v2\/pages"}],"about":[{"href":"https:\/\/kfm-kasachstan.net\/index.php?rest_route=\/wp\/v2\/types\/page"}],"author":[{"embeddable":true,"href":"https:\/\/kfm-kasachstan.net\/index.php?rest_route=\/wp\/v2\/users\/1"}],"replies":[{"embeddable":true,"href":"https:\/\/kfm-kasachstan.net\/index.php?rest_route=%2Fwp%2Fv2%2Fcomments&post=949"}],"version-history":[{"count":8,"href":"https:\/\/kfm-kasachstan.net\/index.php?rest_route=\/wp\/v2\/pages\/949\/revisions"}],"predecessor-version":[{"id":4262,"href":"https:\/\/kfm-kasachstan.net\/index.php?rest_route=\/wp\/v2\/pages\/949\/revisions\/4262"}],"wp:attachment":[{"href":"https:\/\/kfm-kasachstan.net\/index.php?rest_route=%2Fwp%2Fv2%2Fmedia&parent=949"}],"wp:term":[{"taxonomy":"folder","embeddable":true,"href":"https:\/\/kfm-kasachstan.net\/index.php?rest_route=%2Fwp%2Fv2%2Ffolder&post=949"}],"curies":[{"name":"wp","href":"https:\/\/api.w.org\/{rel}","templated":true}]}}